{"id":998,"date":"2018-01-29T10:37:38","date_gmt":"2018-01-29T09:37:38","guid":{"rendered":"http:\/\/sme-gmbh.ch\/sme\/?page_id=998"},"modified":"2022-09-05T10:01:05","modified_gmt":"2022-09-05T08:01:05","slug":"partner","status":"publish","type":"page","link":"https:\/\/sme-gmbh.ch\/sme\/partner\/","title":{"rendered":"PARTNER"},"content":{"rendered":"<p><div class=\"fusion-bg-parallax\" data-bg-align=\"left center\" data-direction=\"down\" data-mute=\"false\" data-opacity=\"100\" data-velocity=\"-0.4\" data-mobile-enabled=\"false\" data-break_parents=\"0\" data-bg-image=\"https:\/\/sme-gmbh.ch\/sme\/wp-content\/uploads\/2018\/02\/sme-partner-1.jpg\" data-bg-repeat=\"false\" ><\/div><div class=\"fusion-fullwidth fullwidth-box fusion-builder-row-1 fusion-parallax-down nonhundred-percent-fullwidth non-hundred-percent-height-scrolling\" style=\"--awb-background-position:left center;--awb-border-radius-top-left:0px;--awb-border-radius-top-right:0px;--awb-border-radius-bottom-right:0px;--awb-border-radius-bottom-left:0px;--awb-padding-top:10%;--awb-padding-right:5%;--awb-padding-bottom:10%;--awb-padding-left:5%;--awb-background-image:url(&quot;https:\/\/sme-gmbh.ch\/sme\/wp-content\/uploads\/2018\/02\/sme-partner-1.jpg&quot;);--awb-background-size:cover;--awb-border-sizes-top:0px;--awb-border-sizes-bottom:0px;--awb-flex-wrap:wrap;\" ><div class=\"fusion-builder-row fusion-row\"><div class=\"fusion-layout-column fusion_builder_column fusion-builder-column-0 fusion_builder_column_1_1 1_1 fusion-one-full fusion-column-first fusion-column-last fusion-animated\" style=\"--awb-bg-size:cover;\" data-animationType=\"fadeIn\" data-animationDuration=\"1.0\" data-animationOffset=\"top-into-view\"><div class=\"fusion-column-wrapper fusion-flex-column-wrapper-legacy\"><div class=\"fusion-text fusion-text-1\"><h1 style=\"text-align: center;\"><span style=\"color: #ffffff;\">Unsere Partner<\/span><\/h1>\n<p style=\"font-size: 26px; line-height: 36px; text-align: center;\"><span style=\"color: #ffffff;\">Ein starkes internationales Netzwerk.<\/span><\/p>\n<\/div><div class=\"fusion-clearfix\"><\/div><\/div><\/div><\/div><\/div><div class=\"fusion-fullwidth fullwidth-box fusion-builder-row-2 nonhundred-percent-fullwidth non-hundred-percent-height-scrolling\" style=\"--awb-border-radius-top-left:0px;--awb-border-radius-top-right:0px;--awb-border-radius-bottom-right:0px;--awb-border-radius-bottom-left:0px;--awb-padding-top:50px;--awb-padding-bottom:50px;--awb-background-color:#f7f7f7;--awb-border-sizes-top:0px;--awb-border-sizes-bottom:0px;--awb-flex-wrap:wrap;\" ><div class=\"fusion-builder-row fusion-row\"><div class=\"fusion-layout-column fusion_builder_column fusion-builder-column-1 fusion_builder_column_1_1 1_1 fusion-one-full fusion-column-first fusion-column-last\" style=\"--awb-bg-size:cover;\"><div class=\"fusion-column-wrapper fusion-flex-column-wrapper-legacy\"><div class=\"fusion-text fusion-text-2\"><h3 style=\"text-align: left;\"><span style=\"color: #154a7e;\">Mit unserem Partner Kunststoff Helmbrechts AG k\u00f6nnen wir Ihnen entscheidende Wettbewerbsvorteile bei der Herstellung Ihrer Produkte zusichern.<\/span><\/h3>\n<\/div><div class=\"fusion-clearfix\"><\/div><\/div><\/div><\/div><\/div><div class=\"fusion-fullwidth fullwidth-box fusion-builder-row-3 hundred-percent-fullwidth non-hundred-percent-height-scrolling fusion-equal-height-columns\" style=\"--awb-background-position:left top;--awb-border-radius-top-left:0px;--awb-border-radius-top-right:0px;--awb-border-radius-bottom-right:0px;--awb-border-radius-bottom-left:0px;--awb-padding-top:0px;--awb-padding-right:0px;--awb-padding-bottom:0px;--awb-padding-left:0px;--awb-border-sizes-top:0px;--awb-border-sizes-bottom:0px;--awb-flex-wrap:wrap;\" ><div class=\"fusion-builder-row fusion-row\"><div class=\"fusion-layout-column fusion_builder_column fusion-builder-column-2 fusion_builder_column_1_2 1_2 fusion-one-half fusion-column-first\" style=\"--awb-padding-top:5%;--awb-padding-right:13%;--awb-padding-bottom:5%;--awb-padding-left:13%;--awb-bg-size:cover;--awb-margin-bottom:0px;\"><div class=\"fusion-column-wrapper fusion-flex-column-wrapper-legacy\"><div class=\"fusion-image-element in-legacy-container\" style=\"--awb-caption-title-font-family:var(--h2_typography-font-family);--awb-caption-title-font-weight:var(--h2_typography-font-weight);--awb-caption-title-font-style:var(--h2_typography-font-style);--awb-caption-title-size:var(--h2_typography-font-size);--awb-caption-title-transform:var(--h2_typography-text-transform);--awb-caption-title-line-height:var(--h2_typography-line-height);--awb-caption-title-letter-spacing:var(--h2_typography-letter-spacing);\"><span class=\" fusion-imageframe imageframe-none imageframe-1 hover-type-none\"><img decoding=\"async\" width=\"185\" height=\"81\" title=\"kh-logo\" src=\"https:\/\/sme-gmbh.ch\/sme\/wp-content\/uploads\/2018\/01\/kh-logo.png\" alt class=\"img-responsive wp-image-1010\"\/><\/span><\/div><div class=\"fusion-text fusion-text-3\"><h2>KH &#8211; Kunststoff Helmbrechts AG<\/h2>\n<\/div><div class=\"fusion-text fusion-text-4\"><p>Die KH Group ist ein 60-j\u00e4hriges Familienunternehmen mit Wurzeln in Bayern\/Deutschland. Das Unternehmen z\u00e4hlt heute rund 1700 Mitarbeiter in vier L\u00e4ndern auf drei Kontinenten. Dank kontinuierlicher technischer Innovation und solider Unternehmensf\u00fchrung geh\u00f6rt die KH heute auf dem Gebiet von Kunststoffkomponenten mit High-End Oberfl\u00e4chen zu den f\u00fchrenden Unternehmen weltweit.<\/p>\n<p>Von der Konstruktion \u00fcber den Werkzeugbau bis hin zum assemblierten und verpackten Fertigprodukt bedient die KH die gesamte Wertsch\u00f6pfungskette aus einer Hand. Nahtlos ineinandergreifende Gesch\u00e4ftsprozesse in Verbindung mit einem gesamtheitlichen Qualit\u00e4tsmanagementsystem bilden die Grundlage f\u00fcr den Erfolg Ihrer Kunden.<\/p>\n<p>Zu den Fertigungskompetenzen der KH z\u00e4hlen 1K &#8211; 3K Spritzguss, Foliendekoration (IML und IMD), Oberfl\u00e4chenfunktionalisierung, Lackieren, Lasern, industrielle und medizintechnische Assemblierung.<\/p>\n<p>Die KH und SME verbindet eine langj\u00e4hrige Partnerschaft. Heute vereinen wir unsere Kompetenzen im Bereich von Entwicklung, Transfer, Produktion und Zulassung von Medizinprodukten. Unseren Kunden stehen wir als Entwicklungspartner zu Seite. Nehmen Sie Kontakt mit uns auf, um mehr zu erfahren.<\/p>\n<p><a href=\"http:\/\/www.kh.de\" target=\"_blank\" rel=\"noopener noreferrer\"><strong>www.kh.de \/ www.kh-medical.de<\/strong><\/a><\/p>\n<\/div><div class=\"fusion-video fusion-youtube\" style=\"--awb-max-width:600px;--awb-max-height:360px;\"><div class=\"video-shortcode\"><div class=\"fluid-width-video-wrapper\" style=\"padding-top:60%;\" ><iframe title=\"YouTube video player 1\" src=\"https:\/\/www.youtube.com\/embed\/o8bjOId2s84?wmode=transparent&autoplay=0\" width=\"600\" height=\"360\" allowfullscreen allow=\"autoplay; fullscreen\"><\/iframe><\/div><\/div><\/div><div class=\"fusion-sep-clear\"><\/div><div class=\"fusion-separator fusion-full-width-sep\" style=\"margin-left: auto;margin-right: auto;margin-top:10px;width:100%;\"><\/div><div class=\"fusion-sep-clear\"><\/div><div class=\"fusion-text fusion-text-5\"><p>Weitere Informationen:<br \/>\n<a href=\"http:\/\/www.kh.de\/fileadmin\/user_upload\/unternehmen\/medien\/imagebroschuere.pdf\" target=\"_blank\" rel=\"noopener noreferrer\">KH Imagebrosch\u00fcre<\/a><br \/>\n<a href=\"http:\/\/www.kh.de\/fileadmin\/user_upload\/unternehmen\/medien\/kh-magazin\/Innovation36.pdf\" target=\"_blank\" rel=\"noopener noreferrer\">KH Magazin 12\/2017<\/a><\/p>\n<\/div><div class=\"fusion-clearfix\"><\/div><\/div><\/div><div class=\"fusion-layout-column fusion_builder_column fusion-builder-column-3 fusion_builder_column_1_2 1_2 fusion-one-half fusion-column-last\" style=\"--awb-bg-image:url(&#039;https:\/\/sme-gmbh.ch\/sme\/wp-content\/uploads\/2018\/01\/kh-1.jpg&#039;);--awb-bg-position:center center;--awb-bg-size:cover;--awb-margin-bottom:0px;\"><div class=\"fusion-column-wrapper fusion-flex-column-wrapper-legacy fusion-empty-column-bg-image fusion-column-has-bg-image\" data-bg-url=\"https:\/\/sme-gmbh.ch\/sme\/wp-content\/uploads\/2018\/01\/kh-1.jpg\"><img decoding=\"async\" class=\"fusion-empty-dims-img-placeholder fusion-no-large-visibility\" aria-label=\"KH\" src=\"data:image\/svg+xml,%3Csvg%20xmlns%3D%27http%3A%2F%2Fwww.w3.org%2F2000%2Fsvg%27%20width%3D%271500%27%20height%3D%271090%27%20viewBox%3D%270%200%201500%201090%27%3E%3Crect%20width%3D%271500%27%20height%3D%271090%27%20fill-opacity%3D%220%22%2F%3E%3C%2Fsvg%3E\"><div class=\"fusion-clearfix\"><\/div><\/div><\/div><\/div><\/div><\/p>\n","protected":false},"excerpt":{"rendered":"","protected":false},"author":1,"featured_media":0,"parent":0,"menu_order":0,"comment_status":"closed","ping_status":"closed","template":"100-width.php","meta":{"footnotes":""},"_links":{"self":[{"href":"https:\/\/sme-gmbh.ch\/sme\/wp-json\/wp\/v2\/pages\/998"}],"collection":[{"href":"https:\/\/sme-gmbh.ch\/sme\/wp-json\/wp\/v2\/pages"}],"about":[{"href":"https:\/\/sme-gmbh.ch\/sme\/wp-json\/wp\/v2\/types\/page"}],"author":[{"embeddable":true,"href":"https:\/\/sme-gmbh.ch\/sme\/wp-json\/wp\/v2\/users\/1"}],"replies":[{"embeddable":true,"href":"https:\/\/sme-gmbh.ch\/sme\/wp-json\/wp\/v2\/comments?post=998"}],"version-history":[{"count":34,"href":"https:\/\/sme-gmbh.ch\/sme\/wp-json\/wp\/v2\/pages\/998\/revisions"}],"predecessor-version":[{"id":1469,"href":"https:\/\/sme-gmbh.ch\/sme\/wp-json\/wp\/v2\/pages\/998\/revisions\/1469"}],"wp:attachment":[{"href":"https:\/\/sme-gmbh.ch\/sme\/wp-json\/wp\/v2\/media?parent=998"}],"curies":[{"name":"wp","href":"https:\/\/api.w.org\/{rel}","templated":true}]}}