{"id":7,"date":"2015-12-14T04:10:10","date_gmt":"2015-12-14T03:10:10","guid":{"rendered":"http:\/\/theme-fusion.com\/avada\/medical\/?page_id=7"},"modified":"2022-09-05T08:05:14","modified_gmt":"2022-09-05T06:05:14","slug":"ueberuns","status":"publish","type":"page","link":"https:\/\/sme-gmbh.ch\/sme\/ueberuns\/","title":{"rendered":"\u00dcBER UNS"},"content":{"rendered":"<p><div class=\"fusion-bg-parallax\" data-bg-align=\"center top\" data-direction=\"down\" data-mute=\"false\" data-opacity=\"100\" data-velocity=\"-0.4\" data-mobile-enabled=\"false\" data-break_parents=\"0\" data-bg-image=\"https:\/\/sme-gmbh.ch\/sme\/wp-content\/uploads\/2018\/03\/sme-about2.jpg\" data-bg-repeat=\"false\" ><\/div><div class=\"fusion-fullwidth fullwidth-box fusion-builder-row-1 fusion-parallax-down nonhundred-percent-fullwidth non-hundred-percent-height-scrolling\" style=\"--awb-background-position:center top;--awb-border-radius-top-left:0px;--awb-border-radius-top-right:0px;--awb-border-radius-bottom-right:0px;--awb-border-radius-bottom-left:0px;--awb-padding-top:10%;--awb-padding-right:5%;--awb-padding-bottom:10%;--awb-padding-left:5%;--awb-background-image:url(&quot;https:\/\/sme-gmbh.ch\/sme\/wp-content\/uploads\/2018\/03\/sme-about2.jpg&quot;);--awb-background-size:cover;--awb-border-sizes-top:0px;--awb-border-sizes-bottom:0px;--awb-flex-wrap:wrap;\" ><div class=\"fusion-builder-row fusion-row\"><div class=\"fusion-layout-column fusion_builder_column fusion-builder-column-0 fusion_builder_column_1_1 1_1 fusion-one-full fusion-column-first fusion-column-last fusion-animated\" style=\"--awb-bg-size:cover;\" data-animationType=\"fadeIn\" data-animationDuration=\"1.0\" data-animationOffset=\"top-into-view\"><div class=\"fusion-column-wrapper fusion-flex-column-wrapper-legacy\"><div class=\"fusion-text fusion-text-1\"><h1 style=\"text-align: center;\"><span style=\"color: #ffffff;\">\u00dcber uns<\/span><\/h1>\n<p style=\"font-size: 26px; line-height: 36px; text-align: center;\"><span style=\"color: #ffffff;\">Erfahrung, Kompetenz &amp; Herzblut.<\/span><\/p>\n<\/div><div class=\"fusion-clearfix\"><\/div><\/div><\/div><\/div><\/div><div class=\"fusion-fullwidth fullwidth-box fusion-builder-row-2 nonhundred-percent-fullwidth non-hundred-percent-height-scrolling\" style=\"--awb-border-radius-top-left:0px;--awb-border-radius-top-right:0px;--awb-border-radius-bottom-right:0px;--awb-border-radius-bottom-left:0px;--awb-padding-top:50px;--awb-padding-bottom:70px;--awb-background-color:#f7f7f7;--awb-border-sizes-top:0px;--awb-border-sizes-bottom:0px;--awb-flex-wrap:wrap;\" ><div class=\"fusion-builder-row fusion-row\"><div class=\"fusion-layout-column fusion_builder_column fusion-builder-column-1 fusion_builder_column_1_1 1_1 fusion-one-full fusion-column-first fusion-column-last\" style=\"--awb-bg-size:cover;\"><div class=\"fusion-column-wrapper fusion-flex-column-wrapper-legacy\"><div class=\"fusion-text fusion-text-2\"><h3 style=\"text-align: center;\"><span style=\"color: #154a7e;\">Der Kundenutzen steht bei uns im Fokus. Massgeschneiderte Strukturen und Abl\u00e4ufe bilden die Grundlage einer effizienten Zielerreichung. Wir bringen die Erfahrung und die Leidenschaft mit.<\/span><\/h3>\n<\/div><div class=\"fusion-clearfix\"><\/div><\/div><\/div><\/div><\/div><div class=\"fusion-fullwidth fullwidth-box fusion-builder-row-3 hundred-percent-fullwidth non-hundred-percent-height-scrolling fusion-equal-height-columns\" style=\"--awb-background-position:left top;--awb-border-radius-top-left:0px;--awb-border-radius-top-right:0px;--awb-border-radius-bottom-right:0px;--awb-border-radius-bottom-left:0px;--awb-padding-top:0px;--awb-padding-right:0px;--awb-padding-bottom:0px;--awb-padding-left:0px;--awb-border-sizes-top:0px;--awb-border-sizes-bottom:0px;--awb-flex-wrap:wrap;\" ><div class=\"fusion-builder-row fusion-row\"><div class=\"fusion-layout-column fusion_builder_column fusion-builder-column-2 fusion_builder_column_1_2 1_2 fusion-one-half fusion-column-first\" style=\"--awb-padding-top:13%;--awb-padding-right:13%;--awb-padding-bottom:13%;--awb-padding-left:13%;--awb-bg-size:cover;--awb-margin-bottom:0px;\"><div class=\"fusion-column-wrapper fusion-flex-column-wrapper-legacy\"><div class=\"fusion-text fusion-text-3\"><h2>Dr. Guido Vezzu<\/h2>\n<\/div><div class=\"fusion-text fusion-text-4\"><p><em><strong>Laufbahn<\/strong><\/em><\/p>\n<ul>\n<li>Mitgr\u00fcnder und Gesch\u00e4ftsf\u00fchrer, SME GmbH<\/li>\n<li>Leiter R&amp;D und Mitglied der Gesch\u00e4ftsleitung, Alcon WaveLight GmbH<\/li>\n<li>Leiter R&amp;D und Mitglied der Gesch\u00e4ftsleitung, Alcon Grieshaber AG<\/li>\n<li>Senior Engineer R&amp;D, Alcon Grieshaber AG<\/li>\n<li>Wissenschaftlicher Leiter, Ozonia AG<\/li>\n<li>Gruppenleiter Mess- und Diagnosesysteme, Sulzer Innotec AG<\/li>\n<\/ul>\n<p><em><strong>Ausbildung<\/strong><\/em><\/p>\n<ul>\n<li>Diplom Physiker, ETH Z\u00fcrich<\/li>\n<li>Doktor der Naturwissenschaften, ETH Z\u00fcrich<\/li>\n<\/ul>\n<\/div><div class=\"fusion-clearfix\"><\/div><\/div><\/div><div class=\"fusion-layout-column fusion_builder_column fusion-builder-column-3 fusion_builder_column_1_2 1_2 fusion-one-half fusion-column-last\" style=\"--awb-padding-top:10%;--awb-padding-right:10%;--awb-padding-bottom:10%;--awb-padding-left:10%;--awb-bg-color:#e8e8e8;--awb-bg-color-hover:#e8e8e8;--awb-bg-position:center top;--awb-bg-size:cover;--awb-margin-bottom:0px;\"><div class=\"fusion-column-wrapper fusion-column-has-shadow fusion-flex-column-wrapper-legacy\"><div class=\"fusion-image-element in-legacy-container\" style=\"--awb-caption-title-font-family:var(--h2_typography-font-family);--awb-caption-title-font-weight:var(--h2_typography-font-weight);--awb-caption-title-font-style:var(--h2_typography-font-style);--awb-caption-title-size:var(--h2_typography-font-size);--awb-caption-title-transform:var(--h2_typography-text-transform);--awb-caption-title-line-height:var(--h2_typography-line-height);--awb-caption-title-letter-spacing:var(--h2_typography-letter-spacing);\"><span class=\" fusion-imageframe imageframe-none imageframe-1 hover-type-none\"><img decoding=\"async\" width=\"1000\" height=\"1200\" title=\"guido\" src=\"https:\/\/sme-gmbh.ch\/sme\/wp-content\/uploads\/2021\/12\/guido.jpg\" alt class=\"img-responsive wp-image-1405\" srcset=\"https:\/\/sme-gmbh.ch\/sme\/wp-content\/uploads\/2021\/12\/guido-200x240.jpg 200w, https:\/\/sme-gmbh.ch\/sme\/wp-content\/uploads\/2021\/12\/guido-400x480.jpg 400w, https:\/\/sme-gmbh.ch\/sme\/wp-content\/uploads\/2021\/12\/guido-600x720.jpg 600w, https:\/\/sme-gmbh.ch\/sme\/wp-content\/uploads\/2021\/12\/guido-800x960.jpg 800w, https:\/\/sme-gmbh.ch\/sme\/wp-content\/uploads\/2021\/12\/guido.jpg 1000w\" sizes=\"(max-width: 800px) 100vw, 600px\" \/><\/span><\/div><div class=\"fusion-clearfix\"><\/div><\/div><\/div><\/div><\/div><div class=\"fusion-fullwidth fullwidth-box fusion-builder-row-4 hundred-percent-fullwidth non-hundred-percent-height-scrolling fusion-equal-height-columns\" style=\"--awb-background-position:left top;--awb-border-radius-top-left:0px;--awb-border-radius-top-right:0px;--awb-border-radius-bottom-right:0px;--awb-border-radius-bottom-left:0px;--awb-padding-top:0px;--awb-padding-right:0px;--awb-padding-bottom:0px;--awb-padding-left:0px;--awb-border-sizes-top:0px;--awb-border-sizes-bottom:0px;--awb-flex-wrap:wrap;\" ><div class=\"fusion-builder-row fusion-row\"><div class=\"fusion-layout-column fusion_builder_column fusion-builder-column-4 fusion_builder_column_1_2 1_2 fusion-one-half fusion-column-first\" style=\"--awb-padding-top:10%;--awb-padding-right:10%;--awb-padding-bottom:10%;--awb-padding-left:10%;--awb-bg-color:#e8e8e8;--awb-bg-color-hover:#e8e8e8;--awb-bg-position:center top;--awb-bg-size:cover;--awb-margin-bottom:0px;\"><div class=\"fusion-column-wrapper fusion-column-has-shadow fusion-flex-column-wrapper-legacy\"><div class=\"fusion-image-element in-legacy-container\" style=\"--awb-caption-title-font-family:var(--h2_typography-font-family);--awb-caption-title-font-weight:var(--h2_typography-font-weight);--awb-caption-title-font-style:var(--h2_typography-font-style);--awb-caption-title-size:var(--h2_typography-font-size);--awb-caption-title-transform:var(--h2_typography-text-transform);--awb-caption-title-line-height:var(--h2_typography-line-height);--awb-caption-title-letter-spacing:var(--h2_typography-letter-spacing);\"><span class=\" fusion-imageframe imageframe-none imageframe-2 hover-type-none\"><img decoding=\"async\" width=\"1000\" height=\"1200\" title=\"philippe\" src=\"https:\/\/sme-gmbh.ch\/sme\/wp-content\/uploads\/2021\/12\/philippe.jpg\" alt class=\"img-responsive wp-image-1406\" srcset=\"https:\/\/sme-gmbh.ch\/sme\/wp-content\/uploads\/2021\/12\/philippe-200x240.jpg 200w, https:\/\/sme-gmbh.ch\/sme\/wp-content\/uploads\/2021\/12\/philippe-400x480.jpg 400w, https:\/\/sme-gmbh.ch\/sme\/wp-content\/uploads\/2021\/12\/philippe-600x720.jpg 600w, https:\/\/sme-gmbh.ch\/sme\/wp-content\/uploads\/2021\/12\/philippe-800x960.jpg 800w, https:\/\/sme-gmbh.ch\/sme\/wp-content\/uploads\/2021\/12\/philippe.jpg 1000w\" sizes=\"(max-width: 800px) 100vw, 600px\" \/><\/span><\/div><div class=\"fusion-clearfix\"><\/div><\/div><\/div><div class=\"fusion-layout-column fusion_builder_column fusion-builder-column-5 fusion_builder_column_1_2 1_2 fusion-one-half fusion-column-last\" style=\"--awb-padding-top:13%;--awb-padding-right:13%;--awb-padding-bottom:13%;--awb-padding-left:13%;--awb-bg-position:center center;--awb-bg-size:cover;--awb-margin-bottom:0px;\"><div class=\"fusion-column-wrapper fusion-flex-column-wrapper-legacy\"><div class=\"fusion-text fusion-text-5\"><h2>Philipp Schaller<\/h2>\n<\/div><div class=\"fusion-text fusion-text-6\"><p><strong><em>Laufbahn<\/em><\/strong><\/p>\n<ul>\n<li>Mitgr\u00fcnder und Vorstandsvorsitzender, SME GmbH<\/li>\n<li>Aufsichtsrat, Kunststoff Helmbrechts AG<\/li>\n<li>Gr\u00fcnder und Gesch\u00e4ftsf\u00fchrer, Schaller Engineering<\/li>\n<li>Manager Department Microtechnology (RE-drives), maxon motor ag<\/li>\n<\/ul>\n<p><strong><em>Ausbildung<\/em><\/strong><\/p>\n<ul>\n<li>Dipl. Betriebs- und Produktionsingenieur ETH Z\u00fcrich<\/li>\n<\/ul>\n<\/div><div class=\"fusion-clearfix\"><\/div><\/div><\/div><\/div><\/div><\/p>\n","protected":false},"excerpt":{"rendered":"","protected":false},"author":1,"featured_media":0,"parent":0,"menu_order":0,"comment_status":"closed","ping_status":"closed","template":"100-width.php","meta":{"footnotes":""},"_links":{"self":[{"href":"https:\/\/sme-gmbh.ch\/sme\/wp-json\/wp\/v2\/pages\/7"}],"collection":[{"href":"https:\/\/sme-gmbh.ch\/sme\/wp-json\/wp\/v2\/pages"}],"about":[{"href":"https:\/\/sme-gmbh.ch\/sme\/wp-json\/wp\/v2\/types\/page"}],"author":[{"embeddable":true,"href":"https:\/\/sme-gmbh.ch\/sme\/wp-json\/wp\/v2\/users\/1"}],"replies":[{"embeddable":true,"href":"https:\/\/sme-gmbh.ch\/sme\/wp-json\/wp\/v2\/comments?post=7"}],"version-history":[{"count":33,"href":"https:\/\/sme-gmbh.ch\/sme\/wp-json\/wp\/v2\/pages\/7\/revisions"}],"predecessor-version":[{"id":1466,"href":"https:\/\/sme-gmbh.ch\/sme\/wp-json\/wp\/v2\/pages\/7\/revisions\/1466"}],"wp:attachment":[{"href":"https:\/\/sme-gmbh.ch\/sme\/wp-json\/wp\/v2\/media?parent=7"}],"curies":[{"name":"wp","href":"https:\/\/api.w.org\/{rel}","templated":true}]}}