{"id":1080,"date":"2018-01-29T14:12:22","date_gmt":"2018-01-29T13:12:22","guid":{"rendered":"http:\/\/sme-gmbh.ch\/sme\/?page_id=1080"},"modified":"2022-01-06T11:41:51","modified_gmt":"2022-01-06T10:41:51","slug":"dienstleistungen","status":"publish","type":"page","link":"https:\/\/sme-gmbh.ch\/sme\/dienstleistungen\/","title":{"rendered":"DIENSTLEISTUNGEN"},"content":{"rendered":"<p><div class=\"fusion-bg-parallax\" data-bg-align=\"center top\" data-direction=\"down\" data-mute=\"false\" data-opacity=\"100\" data-velocity=\"-0.4\" data-mobile-enabled=\"false\" data-break_parents=\"0\" data-bg-image=\"https:\/\/sme-gmbh.ch\/sme\/wp-content\/uploads\/2018\/02\/sme-dienstleistungen.jpg\" data-bg-repeat=\"false\" ><\/div><div class=\"fusion-fullwidth fullwidth-box fusion-builder-row-1 fusion-parallax-down nonhundred-percent-fullwidth non-hundred-percent-height-scrolling\" style=\"--awb-background-position:center top;--awb-border-radius-top-left:0px;--awb-border-radius-top-right:0px;--awb-border-radius-bottom-right:0px;--awb-border-radius-bottom-left:0px;--awb-padding-top:10%;--awb-padding-right:5%;--awb-padding-bottom:10%;--awb-padding-left:5%;--awb-background-image:url(&quot;https:\/\/sme-gmbh.ch\/sme\/wp-content\/uploads\/2018\/02\/sme-dienstleistungen.jpg&quot;);--awb-background-size:cover;--awb-border-sizes-top:0px;--awb-border-sizes-bottom:0px;--awb-flex-wrap:wrap;\" ><div class=\"fusion-builder-row fusion-row\"><div class=\"fusion-layout-column fusion_builder_column fusion-builder-column-0 fusion_builder_column_1_1 1_1 fusion-one-full fusion-column-first fusion-column-last fusion-animated\" style=\"--awb-bg-size:cover;\" data-animationType=\"fadeIn\" data-animationDuration=\"1.0\" data-animationOffset=\"top-into-view\"><div class=\"fusion-column-wrapper fusion-flex-column-wrapper-legacy\"><div class=\"fusion-text fusion-text-1\"><h1 style=\"text-align: center;\"><span style=\"color: #ffffff;\">Dienstleistungen<\/span><\/h1>\n<p style=\"font-size: 26px; line-height: 36px; text-align: center;\"><span style=\"color: #ffffff;\">Unser Massstab: Die Zufriedenheit unserer Kunden.<\/span><\/p>\n<\/div><div class=\"fusion-clearfix\"><\/div><\/div><\/div><\/div><\/div><div class=\"fusion-fullwidth fullwidth-box fusion-builder-row-2 nonhundred-percent-fullwidth non-hundred-percent-height-scrolling\" style=\"--awb-border-radius-top-left:0px;--awb-border-radius-top-right:0px;--awb-border-radius-bottom-right:0px;--awb-border-radius-bottom-left:0px;--awb-padding-top:50px;--awb-padding-bottom:70px;--awb-background-color:#f7f7f7;--awb-border-sizes-top:0px;--awb-border-sizes-bottom:0px;--awb-flex-wrap:wrap;\" ><div class=\"fusion-builder-row fusion-row\"><div class=\"fusion-layout-column fusion_builder_column fusion-builder-column-1 fusion_builder_column_1_1 1_1 fusion-one-full fusion-column-first fusion-column-last\" style=\"--awb-bg-size:cover;\"><div class=\"fusion-column-wrapper fusion-flex-column-wrapper-legacy\"><div class=\"fusion-text fusion-text-2\"><h3 style=\"text-align: left;\"><span style=\"color: #154a7e;\">Wir unterst\u00fctzen unsere Kunden kompetent und mit pers\u00f6nlichem Engagement im gesamten Innovationsprozess &#8211; unabh\u00e4ngig davon, ob Sie nur gezielte Unterst\u00fctzung in einer bestimmten Projektphase ben\u00f6tigen oder Sie uns mit der gesamten Entwicklung bis zum CE-gekennzeichneten Produkt beauftragen wollen.<\/span><\/h3>\n<h3 style=\"text-align: left;\"><span style=\"color: #154a7e;\">Lassen Sie sich von unserer engagierten, zielorientierten und professionellen Arbeitsweise \u00fcberzeugen.<\/span><\/h3>\n<\/div><div class=\"fusion-clearfix\"><\/div><\/div><\/div><\/div><\/div>\n<div class=\"fusion-fullwidth fullwidth-box fusion-builder-row-3 hundred-percent-fullwidth non-hundred-percent-height-scrolling fusion-equal-height-columns\" style=\"--awb-background-position:left top;--awb-border-radius-top-left:0px;--awb-border-radius-top-right:0px;--awb-border-radius-bottom-right:0px;--awb-border-radius-bottom-left:0px;--awb-padding-top:0px;--awb-padding-right:0px;--awb-padding-bottom:0px;--awb-padding-left:0px;--awb-border-sizes-top:0px;--awb-border-sizes-bottom:0px;--awb-flex-wrap:wrap;\" ><div class=\"fusion-builder-row fusion-row\"><div class=\"fusion-layout-column fusion_builder_column fusion-builder-column-2 fusion_builder_column_1_2 1_2 fusion-one-half fusion-column-first\" style=\"--awb-padding-top:12%;--awb-padding-right:13%;--awb-padding-bottom:12%;--awb-padding-left:13%;--awb-bg-color:#154a7e;--awb-bg-color-hover:#154a7e;--awb-bg-size:cover;--awb-margin-bottom:0px;\"><div class=\"fusion-column-wrapper fusion-flex-column-wrapper-legacy\"><div class=\"fusion-image-element in-legacy-container\" style=\"--awb-caption-title-font-family:var(--h2_typography-font-family);--awb-caption-title-font-weight:var(--h2_typography-font-weight);--awb-caption-title-font-style:var(--h2_typography-font-style);--awb-caption-title-size:var(--h2_typography-font-size);--awb-caption-title-transform:var(--h2_typography-text-transform);--awb-caption-title-line-height:var(--h2_typography-line-height);--awb-caption-title-letter-spacing:var(--h2_typography-letter-spacing);\"><span class=\" fusion-imageframe imageframe-none imageframe-1 hover-type-none\"><img decoding=\"async\" width=\"100\" height=\"100\" title=\"icon_small_idee\" src=\"https:\/\/sme-gmbh.ch\/sme\/wp-content\/uploads\/2018\/01\/icon_small_idee.png\" alt class=\"img-responsive wp-image-1096\" srcset=\"https:\/\/sme-gmbh.ch\/sme\/wp-content\/uploads\/2018\/01\/icon_small_idee-66x66.png 66w, https:\/\/sme-gmbh.ch\/sme\/wp-content\/uploads\/2018\/01\/icon_small_idee.png 100w\" sizes=\"(max-width: 100px) 100vw, 100px\" \/><\/span><\/div><div class=\"fusion-text fusion-text-3\"><h2><span style=\"color: #ffffff;\">Ideenfindung<\/span><\/h2>\n<\/div><div class=\"fusion-sep-clear\"><\/div><div class=\"fusion-separator fusion-clearfix\" style=\"float:left;margin-top:0px;margin-bottom:30px;width:100%;max-width:280px;\"><div class=\"fusion-separator-border sep-single sep-solid\" style=\"--awb-height:20px;--awb-amount:20px;--awb-sep-color:#ffffff;border-color:#ffffff;border-top-width:2px;\"><\/div><\/div><div class=\"fusion-sep-clear\"><\/div><div class=\"fusion-text fusion-text-4\"><p><span style=\"color: #ffffff;\">Sind die Ziele und Randbedingungen definiert, beginnt die kreative und systematische L\u00f6sungssuche. Dazu geh\u00f6ren auch funktionsf\u00e4hige Prototypen zur pre-klinischen Erprobung und Erhebung der technischen Machbarkeit. Das ist das Fundament Ihres Business-Cases.<\/span><\/p>\n<\/div><div class=\"fusion-clearfix\"><\/div><\/div><\/div><div class=\"fusion-layout-column fusion_builder_column fusion-builder-column-3 fusion_builder_column_1_2 1_2 fusion-one-half fusion-column-last\" style=\"--awb-bg-color:#b7b7b7;--awb-bg-color-hover:#b7b7b7;--awb-bg-image:url(&#039;https:\/\/sme-gmbh.ch\/sme\/wp-content\/uploads\/2018\/02\/sme-ideenfindung.jpg&#039;);--awb-bg-position:center center;--awb-bg-size:cover;--awb-margin-bottom:0px;\"><div class=\"fusion-column-wrapper fusion-flex-column-wrapper-legacy fusion-empty-column-bg-image fusion-column-has-bg-image\" data-bg-url=\"https:\/\/sme-gmbh.ch\/sme\/wp-content\/uploads\/2018\/02\/sme-ideenfindung.jpg\"><img decoding=\"async\" class=\"fusion-empty-dims-img-placeholder fusion-no-large-visibility\" alt=\"sme-ideenfindung\" aria-label=\"sme-ideenfindung\" src=\"data:image\/svg+xml,%3Csvg%20xmlns%3D%27http%3A%2F%2Fwww.w3.org%2F2000%2Fsvg%27%20width%3D%271920%27%20height%3D%271080%27%20viewBox%3D%270%200%201920%201080%27%3E%3Crect%20width%3D%271920%27%20height%3D%271080%27%20fill-opacity%3D%220%22%2F%3E%3C%2Fsvg%3E\"><div class=\"fusion-clearfix\"><\/div><\/div><\/div><\/div><\/div><div class=\"fusion-fullwidth fullwidth-box fusion-builder-row-4 hundred-percent-fullwidth non-hundred-percent-height-scrolling fusion-equal-height-columns\" style=\"--awb-background-position:left top;--awb-border-radius-top-left:0px;--awb-border-radius-top-right:0px;--awb-border-radius-bottom-right:0px;--awb-border-radius-bottom-left:0px;--awb-padding-top:0px;--awb-padding-right:0px;--awb-padding-bottom:0px;--awb-padding-left:0px;--awb-border-sizes-top:0px;--awb-border-sizes-bottom:0px;--awb-flex-wrap:wrap;\" ><div class=\"fusion-builder-row fusion-row\"><div class=\"fusion-layout-column fusion_builder_column fusion-builder-column-4 fusion_builder_column_1_2 1_2 fusion-one-half fusion-column-first\" style=\"--awb-padding-top:12%;--awb-padding-right:13%;--awb-padding-bottom:12%;--awb-padding-left:13%;--awb-bg-color:#295e93;--awb-bg-color-hover:#295e93;--awb-bg-size:cover;--awb-margin-bottom:0px;\"><div class=\"fusion-column-wrapper fusion-flex-column-wrapper-legacy\"><div class=\"fusion-image-element in-legacy-container\" style=\"--awb-caption-title-font-family:var(--h2_typography-font-family);--awb-caption-title-font-weight:var(--h2_typography-font-weight);--awb-caption-title-font-style:var(--h2_typography-font-style);--awb-caption-title-size:var(--h2_typography-font-size);--awb-caption-title-transform:var(--h2_typography-text-transform);--awb-caption-title-line-height:var(--h2_typography-line-height);--awb-caption-title-letter-spacing:var(--h2_typography-letter-spacing);\"><span class=\" fusion-imageframe imageframe-none imageframe-2 hover-type-none\"><img decoding=\"async\" width=\"100\" height=\"100\" title=\"icon_small_entwicklung\" src=\"https:\/\/sme-gmbh.ch\/sme\/wp-content\/uploads\/2018\/01\/icon_small_entwicklung.png\" alt class=\"img-responsive wp-image-1105\" srcset=\"https:\/\/sme-gmbh.ch\/sme\/wp-content\/uploads\/2018\/01\/icon_small_entwicklung-66x66.png 66w, https:\/\/sme-gmbh.ch\/sme\/wp-content\/uploads\/2018\/01\/icon_small_entwicklung.png 100w\" sizes=\"(max-width: 100px) 100vw, 100px\" \/><\/span><\/div><div class=\"fusion-text fusion-text-5\"><h2><span style=\"color: #ffffff;\">Entwicklung <\/span><\/h2>\n<\/div><div class=\"fusion-sep-clear\"><\/div><div class=\"fusion-separator fusion-clearfix\" style=\"float:left;margin-top:0px;margin-bottom:30px;width:100%;max-width:280px;\"><div class=\"fusion-separator-border sep-single sep-solid\" style=\"--awb-height:20px;--awb-amount:20px;--awb-sep-color:#ffffff;border-color:#ffffff;border-top-width:2px;\"><\/div><\/div><div class=\"fusion-sep-clear\"><\/div><div class=\"fusion-text fusion-text-6\"><p><span style=\"color: #ffffff;\">Im Design-Control sind wir zuhause: Wir unterst\u00fctzen Sie bei der Entwicklung Ihres Produktes \u2013 bis hin zum verifizierten, validierten und CE markierten Produkt.<\/span><\/p>\n<\/div><div class=\"fusion-clearfix\"><\/div><\/div><\/div><div class=\"fusion-layout-column fusion_builder_column fusion-builder-column-5 fusion_builder_column_1_2 1_2 fusion-one-half fusion-column-last\" style=\"--awb-bg-color:#b7b7b7;--awb-bg-color-hover:#b7b7b7;--awb-bg-image:url(&#039;https:\/\/sme-gmbh.ch\/sme\/wp-content\/uploads\/2018\/02\/sme-entwicklung.jpg&#039;);--awb-bg-position:center center;--awb-bg-size:cover;--awb-margin-bottom:0px;\"><div class=\"fusion-column-wrapper fusion-flex-column-wrapper-legacy fusion-empty-column-bg-image fusion-column-has-bg-image\" data-bg-url=\"https:\/\/sme-gmbh.ch\/sme\/wp-content\/uploads\/2018\/02\/sme-entwicklung.jpg\"><img decoding=\"async\" class=\"fusion-empty-dims-img-placeholder fusion-no-large-visibility\" alt=\"sme-entwicklung\" aria-label=\"sme-entwicklung\" src=\"data:image\/svg+xml,%3Csvg%20xmlns%3D%27http%3A%2F%2Fwww.w3.org%2F2000%2Fsvg%27%20width%3D%271920%27%20height%3D%271080%27%20viewBox%3D%270%200%201920%201080%27%3E%3Crect%20width%3D%271920%27%20height%3D%271080%27%20fill-opacity%3D%220%22%2F%3E%3C%2Fsvg%3E\"><div class=\"fusion-clearfix\"><\/div><\/div><\/div><\/div><\/div><div class=\"fusion-fullwidth fullwidth-box fusion-builder-row-5 hundred-percent-fullwidth non-hundred-percent-height-scrolling fusion-equal-height-columns\" style=\"--awb-background-position:left top;--awb-border-radius-top-left:0px;--awb-border-radius-top-right:0px;--awb-border-radius-bottom-right:0px;--awb-border-radius-bottom-left:0px;--awb-padding-top:0px;--awb-padding-right:0px;--awb-padding-bottom:0px;--awb-padding-left:0px;--awb-border-sizes-top:0px;--awb-border-sizes-bottom:0px;--awb-flex-wrap:wrap;\" ><div class=\"fusion-builder-row fusion-row\"><div class=\"fusion-layout-column fusion_builder_column fusion-builder-column-6 fusion_builder_column_1_2 1_2 fusion-one-half fusion-column-first\" style=\"--awb-padding-top:12%;--awb-padding-right:13%;--awb-padding-bottom:12%;--awb-padding-left:13%;--awb-bg-color:#356ba0;--awb-bg-color-hover:#356ba0;--awb-bg-size:cover;--awb-margin-bottom:0px;\"><div class=\"fusion-column-wrapper fusion-flex-column-wrapper-legacy\"><div class=\"fusion-image-element in-legacy-container\" style=\"--awb-caption-title-font-family:var(--h2_typography-font-family);--awb-caption-title-font-weight:var(--h2_typography-font-weight);--awb-caption-title-font-style:var(--h2_typography-font-style);--awb-caption-title-size:var(--h2_typography-font-size);--awb-caption-title-transform:var(--h2_typography-text-transform);--awb-caption-title-line-height:var(--h2_typography-line-height);--awb-caption-title-letter-spacing:var(--h2_typography-letter-spacing);\"><span class=\" fusion-imageframe imageframe-none imageframe-3 hover-type-none\"><img decoding=\"async\" width=\"100\" height=\"100\" title=\"icon_small_quality\" src=\"https:\/\/sme-gmbh.ch\/sme\/wp-content\/uploads\/2018\/01\/icon_small_quality.png\" alt class=\"img-responsive wp-image-1107\" srcset=\"https:\/\/sme-gmbh.ch\/sme\/wp-content\/uploads\/2018\/01\/icon_small_quality-66x66.png 66w, https:\/\/sme-gmbh.ch\/sme\/wp-content\/uploads\/2018\/01\/icon_small_quality.png 100w\" sizes=\"(max-width: 100px) 100vw, 100px\" \/><\/span><\/div><div class=\"fusion-text fusion-text-7\"><h2><span style=\"color: #ffffff;\">Qualit\u00e4tssysteme<\/span><\/h2>\n<\/div><div class=\"fusion-sep-clear\"><\/div><div class=\"fusion-separator fusion-clearfix\" style=\"float:left;margin-top:0px;margin-bottom:30px;width:100%;max-width:280px;\"><div class=\"fusion-separator-border sep-single sep-solid\" style=\"--awb-height:20px;--awb-amount:20px;--awb-sep-color:#ffffff;border-color:#ffffff;border-top-width:2px;\"><\/div><\/div><div class=\"fusion-sep-clear\"><\/div><div class=\"fusion-text fusion-text-8\"><p><span style=\"color: #ffffff;\">Wir begleiten gesamtheitlich oder unterst\u00fctzen auch nur punktuell die Pflege Ihres QMS nach ISO 13485 und 21 CFR Part 820. Unsere St\u00e4rke liegt in der Erstellung und Instandhaltung der Medizinprodukteakte &#8211; DHF Remediations sind unsere Spezialit\u00e4t. <\/span><\/p>\n<\/div><div class=\"fusion-clearfix\"><\/div><\/div><\/div><div class=\"fusion-layout-column fusion_builder_column fusion-builder-column-7 fusion_builder_column_1_2 1_2 fusion-one-half fusion-column-last\" style=\"--awb-bg-color:#03a9f4;--awb-bg-color-hover:#03a9f4;--awb-bg-image:url(&#039;https:\/\/sme-gmbh.ch\/sme\/wp-content\/uploads\/2018\/05\/sme-quality-1.jpg&#039;);--awb-bg-position:center center;--awb-bg-size:cover;--awb-margin-bottom:0px;\"><div class=\"fusion-column-wrapper fusion-flex-column-wrapper-legacy fusion-empty-column-bg-image fusion-column-has-bg-image\" data-bg-url=\"https:\/\/sme-gmbh.ch\/sme\/wp-content\/uploads\/2018\/05\/sme-quality-1.jpg\"><img decoding=\"async\" class=\"fusion-empty-dims-img-placeholder fusion-no-large-visibility\" aria-label=\"sme-quality\" src=\"data:image\/svg+xml,%3Csvg%20xmlns%3D%27http%3A%2F%2Fwww.w3.org%2F2000%2Fsvg%27%20width%3D%271920%27%20height%3D%271080%27%20viewBox%3D%270%200%201920%201080%27%3E%3Crect%20width%3D%271920%27%20height%3D%271080%27%20fill-opacity%3D%220%22%2F%3E%3C%2Fsvg%3E\"><div class=\"fusion-clearfix\"><\/div><\/div><\/div><\/div><\/div><div class=\"fusion-fullwidth fullwidth-box fusion-builder-row-6 hundred-percent-fullwidth non-hundred-percent-height-scrolling fusion-equal-height-columns\" style=\"--awb-background-position:left top;--awb-border-radius-top-left:0px;--awb-border-radius-top-right:0px;--awb-border-radius-bottom-right:0px;--awb-border-radius-bottom-left:0px;--awb-padding-top:0px;--awb-padding-right:0px;--awb-padding-bottom:0px;--awb-padding-left:0px;--awb-border-sizes-top:0px;--awb-border-sizes-bottom:0px;--awb-flex-wrap:wrap;\" ><div class=\"fusion-builder-row fusion-row\"><div class=\"fusion-layout-column fusion_builder_column fusion-builder-column-8 fusion_builder_column_1_2 1_2 fusion-one-half fusion-column-first\" style=\"--awb-padding-top:12%;--awb-padding-right:13%;--awb-padding-bottom:12%;--awb-padding-left:13%;--awb-bg-color:#3f76ac;--awb-bg-color-hover:#3f76ac;--awb-bg-size:cover;--awb-margin-bottom:0px;\"><div class=\"fusion-column-wrapper fusion-flex-column-wrapper-legacy\"><div class=\"fusion-image-element in-legacy-container\" style=\"--awb-caption-title-font-family:var(--h2_typography-font-family);--awb-caption-title-font-weight:var(--h2_typography-font-weight);--awb-caption-title-font-style:var(--h2_typography-font-style);--awb-caption-title-size:var(--h2_typography-font-size);--awb-caption-title-transform:var(--h2_typography-text-transform);--awb-caption-title-line-height:var(--h2_typography-line-height);--awb-caption-title-letter-spacing:var(--h2_typography-letter-spacing);\"><span class=\" fusion-imageframe imageframe-none imageframe-4 hover-type-none\"><img decoding=\"async\" width=\"100\" height=\"100\" title=\"icon_small_fertigung\" src=\"https:\/\/sme-gmbh.ch\/sme\/wp-content\/uploads\/2018\/01\/icon_small_fertigung.png\" alt class=\"img-responsive wp-image-1111\" srcset=\"https:\/\/sme-gmbh.ch\/sme\/wp-content\/uploads\/2018\/01\/icon_small_fertigung-66x66.png 66w, https:\/\/sme-gmbh.ch\/sme\/wp-content\/uploads\/2018\/01\/icon_small_fertigung.png 100w\" sizes=\"(max-width: 100px) 100vw, 100px\" \/><\/span><\/div><div class=\"fusion-text fusion-text-9\"><h2><span style=\"color: #ffffff;\">Fertigung\/Montage<\/span><\/h2>\n<\/div><div class=\"fusion-sep-clear\"><\/div><div class=\"fusion-separator fusion-clearfix\" style=\"float:left;margin-top:0px;margin-bottom:30px;width:100%;max-width:280px;\"><div class=\"fusion-separator-border sep-single sep-solid\" style=\"--awb-height:20px;--awb-amount:20px;--awb-sep-color:#ffffff;border-color:#ffffff;border-top-width:2px;\"><\/div><\/div><div class=\"fusion-sep-clear\"><\/div><div class=\"fusion-text fusion-text-10\"><p><span style=\"color: #ffffff;\">Wir bieten Ihnen die gesamte Fertigungstiefe f\u00fcr anspruchsvolle Kunststoff-Komponenten an \u2013 von der Entwicklung, WZ-Herstellung, Spritzguss bis hin zur Endmontage und Verpackung im Reinraum. Und das an f\u00fcnf Standorten auf drei Kontinenten.<\/span><\/p>\n<\/div><div class=\"fusion-clearfix\"><\/div><\/div><\/div><div class=\"fusion-layout-column fusion_builder_column fusion-builder-column-9 fusion_builder_column_1_2 1_2 fusion-one-half fusion-column-last\" style=\"--awb-bg-color:#0299f7;--awb-bg-color-hover:#0299f7;--awb-bg-image:url(&#039;https:\/\/sme-gmbh.ch\/sme\/wp-content\/uploads\/2021\/12\/ECA_mittel-1.jpg&#039;);--awb-bg-position:center center;--awb-bg-size:cover;--awb-margin-bottom:0px;\"><div class=\"fusion-column-wrapper fusion-column-has-shadow fusion-flex-column-wrapper-legacy fusion-empty-column-bg-image fusion-column-has-bg-image\" data-bg-url=\"https:\/\/sme-gmbh.ch\/sme\/wp-content\/uploads\/2021\/12\/ECA_mittel-1.jpg\"><img decoding=\"async\" class=\"fusion-empty-dims-img-placeholder fusion-no-large-visibility\" aria-label=\"ECA_mittel\" src=\"data:image\/svg+xml,%3Csvg%20xmlns%3D%27http%3A%2F%2Fwww.w3.org%2F2000%2Fsvg%27%20width%3D%271773%27%20height%3D%271182%27%20viewBox%3D%270%200%201773%201182%27%3E%3Crect%20width%3D%271773%27%20height%3D%271182%27%20fill-opacity%3D%220%22%2F%3E%3C%2Fsvg%3E\"><div class=\"fusion-clearfix\"><\/div><\/div><\/div><\/div><\/div><\/p>\n","protected":false},"excerpt":{"rendered":"","protected":false},"author":1,"featured_media":0,"parent":0,"menu_order":0,"comment_status":"closed","ping_status":"closed","template":"100-width.php","meta":{"footnotes":""},"_links":{"self":[{"href":"https:\/\/sme-gmbh.ch\/sme\/wp-json\/wp\/v2\/pages\/1080"}],"collection":[{"href":"https:\/\/sme-gmbh.ch\/sme\/wp-json\/wp\/v2\/pages"}],"about":[{"href":"https:\/\/sme-gmbh.ch\/sme\/wp-json\/wp\/v2\/types\/page"}],"author":[{"embeddable":true,"href":"https:\/\/sme-gmbh.ch\/sme\/wp-json\/wp\/v2\/users\/1"}],"replies":[{"embeddable":true,"href":"https:\/\/sme-gmbh.ch\/sme\/wp-json\/wp\/v2\/comments?post=1080"}],"version-history":[{"count":37,"href":"https:\/\/sme-gmbh.ch\/sme\/wp-json\/wp\/v2\/pages\/1080\/revisions"}],"predecessor-version":[{"id":1455,"href":"https:\/\/sme-gmbh.ch\/sme\/wp-json\/wp\/v2\/pages\/1080\/revisions\/1455"}],"wp:attachment":[{"href":"https:\/\/sme-gmbh.ch\/sme\/wp-json\/wp\/v2\/media?parent=1080"}],"curies":[{"name":"wp","href":"https:\/\/api.w.org\/{rel}","templated":true}]}}